{"id":10536,"date":"2022-02-24T15:57:33","date_gmt":"2022-02-24T15:57:33","guid":{"rendered":"https:\/\/historylab.es\/power-and-powers\/"},"modified":"2022-12-02T12:30:20","modified_gmt":"2022-12-02T11:30:20","slug":"el-sistema-y-el-poder","status":"publish","type":"page","link":"https:\/\/historylab.es\/es\/el-sistema-y-el-poder\/","title":{"rendered":"El sistema y el poder en la historia de Europa: oligarqu\u00edas, participaci\u00f3n pol\u00edtica y democracia."},"content":{"rendered":"\t\t<div data-elementor-type=\"wp-post\" data-elementor-id=\"10536\" class=\"elementor elementor-10536 elementor-7679\">\n\t\t\t\t\t\t<section class=\"elementor-section elementor-top-section elementor-element elementor-element-6df94cf elementor-section-boxed elementor-section-height-default elementor-section-height-default\" data-id=\"6df94cf\" data-element_type=\"section\" data-e-type=\"section\">\n\t\t\t\t\t\t<div class=\"elementor-container elementor-column-gap-default\">\n\t\t\t\t\t<div class=\"elementor-column elementor-col-100 elementor-top-column elementor-element elementor-element-40739d2\" data-id=\"40739d2\" data-element_type=\"column\" data-e-type=\"column\" data-settings=\"{&quot;coursector_ext_hide_logged_in&quot;:&quot;false&quot;}\">\n\t\t\t<div class=\"elementor-widget-wrap elementor-element-populated\">\n\t\t\t\t\t\t<div class=\"elementor-element elementor-element-9c2f241 elementor-widget elementor-widget-image\" data-id=\"9c2f241\" data-element_type=\"widget\" data-e-type=\"widget\" data-settings=\"{&quot;coursector_ext_hide_logged_in&quot;:&quot;false&quot;}\" data-widget_type=\"image.default\">\n\t\t\t\t<div class=\"elementor-widget-container\">\n\t\t\t\t\t\t\t\t\t\t\t\t\t\t\t<img fetchpriority=\"high\" decoding=\"async\" width=\"800\" height=\"533\" src=\"https:\/\/historylab.es\/wp-content\/uploads\/2022\/02\/power.jpg\" class=\"attachment-large size-large wp-image-7683\" alt=\"Power and powers\" srcset=\"https:\/\/historylab.es\/wp-content\/uploads\/2022\/02\/power.jpg 800w, https:\/\/historylab.es\/wp-content\/uploads\/2022\/02\/power-300x200.jpg 300w, https:\/\/historylab.es\/wp-content\/uploads\/2022\/02\/power-768x512.jpg 768w, https:\/\/historylab.es\/wp-content\/uploads\/2022\/02\/power-700x466.jpg 700w, https:\/\/historylab.es\/wp-content\/uploads\/2022\/02\/power-440x293.jpg 440w\" sizes=\"(max-width: 800px) 100vw, 800px\" \/>\t\t\t\t\t\t\t\t\t\t\t\t\t\t\t<\/div>\n\t\t\t\t<\/div>\n\t\t\t\t\t<\/div>\n\t\t<\/div>\n\t\t\t\t\t<\/div>\n\t\t<\/section>\n\t\t\t\t<section class=\"elementor-section elementor-top-section elementor-element elementor-element-f72a51e elementor-section-boxed elementor-section-height-default elementor-section-height-default\" data-id=\"f72a51e\" data-element_type=\"section\" data-e-type=\"section\">\n\t\t\t\t\t\t<div class=\"elementor-container elementor-column-gap-default\">\n\t\t\t\t\t<div class=\"elementor-column elementor-col-100 elementor-top-column elementor-element elementor-element-fdab391\" data-id=\"fdab391\" data-element_type=\"column\" data-e-type=\"column\" data-settings=\"{&quot;coursector_ext_hide_logged_in&quot;:&quot;false&quot;}\">\n\t\t\t<div class=\"elementor-widget-wrap elementor-element-populated\">\n\t\t\t\t\t\t<div class=\"elementor-element elementor-element-f3475a2 elementor-widget elementor-widget-text-editor\" data-id=\"f3475a2\" data-element_type=\"widget\" data-e-type=\"widget\" data-settings=\"{&quot;coursector_ext_hide_logged_in&quot;:&quot;false&quot;}\" data-widget_type=\"text-editor.default\">\n\t\t\t\t<div class=\"elementor-widget-container\">\n\t\t\t\t\t\t\t\t\tThis syllabus is concerned with different aspects of power in Europe and the societal structures associated with that power. The syllabus consists of five sections, which all deal with the main theme but approach it through different perspectives and historical contexts. The syllabus is not construced chronologically as all the five sections have their own chronological structure. Thus, each of the the five sections can be taught as an entity or as independent study units. Societal structures and social clases have had a significant role in European history throughout centuries. Position, wealth and property have had and continue to have a close relationship with political power creating different kinds of influental groups such as aristocracy, nobility and oligarchs. However, often these and other terms are used interchangeablly and without their historical contexts. In this study unit the vocabulary related to different social classes is described and defined. In addition, the changing position and influence of the European ruling classes is explored briefly  before focusing on the British and Swedish cases. \t\t\t\t\t\t\t\t<\/div>\n\t\t\t\t<\/div>\n\t\t\t\t<div class=\"elementor-element elementor-element-c13bc3e elementor-widget elementor-widget-text-editor\" data-id=\"c13bc3e\" data-element_type=\"widget\" data-e-type=\"widget\" data-settings=\"{&quot;coursector_ext_hide_logged_in&quot;:&quot;false&quot;}\" data-widget_type=\"text-editor.default\">\n\t\t\t\t<div class=\"elementor-widget-container\">\n\t\t\t\t\t\t\t\t\t<p><strong>Plantilla de tema<\/strong><br \/><a href=\"https:\/\/historylab.es\/wp-content\/uploads\/4_topic_plantilla.pdf\" target=\"_blank\" rel=\"noopener\">https:\/\/historylab.es\/wp-content\/uploads\/4_topic_plantilla.pdf<\/a><\/p>\t\t\t\t\t\t\t\t<\/div>\n\t\t\t\t<\/div>\n\t\t\t\t<div class=\"elementor-element elementor-element-adb05c2 elementor-widget elementor-widget-text-editor\" data-id=\"adb05c2\" data-element_type=\"widget\" data-e-type=\"widget\" data-settings=\"{&quot;coursector_ext_hide_logged_in&quot;:&quot;false&quot;}\" data-widget_type=\"text-editor.default\">\n\t\t\t\t<div class=\"elementor-widget-container\">\n\t\t\t\t\t\t\t\t\t<p><strong>Plantilla de plan de estudios<\/strong><br \/><a href=\"https:\/\/historylab.es\/wp-content\/uploads\/4_curriculum_plantilla.pdf\" target=\"_blank\" rel=\"noopener\">https:\/\/historylab.es\/wp-content\/uploads\/4_curriculum_plantilla.pdf<\/a><\/p>\t\t\t\t\t\t\t\t<\/div>\n\t\t\t\t<\/div>\n\t\t\t\t<div class=\"elementor-element elementor-element-87439a2 elementor-widget elementor-widget-text-editor\" data-id=\"87439a2\" data-element_type=\"widget\" data-e-type=\"widget\" data-settings=\"{&quot;coursector_ext_hide_logged_in&quot;:&quot;false&quot;}\" data-widget_type=\"text-editor.default\">\n\t\t\t\t<div class=\"elementor-widget-container\">\n\t\t\t\t\t\t\t\t\t<strong>Recursos<\/strong><br \/>\n<a href=\"https:\/\/historylab.es\/es\/projects-collections\/5-el-sistema-y-el-poder-en-la-historia-de-europa-oligarquias-participacion-politica-y-democracia\/\" target=\"_blank\" rel=\"noopener\">https:\/\/historylab.es\/es\/projects-collections\/5-el-sistema-y-el-poder-en-la-historia-de-europa-oligarquias-participacion-politica-y-democracia\/<\/a>\t\t\t\t\t\t\t\t<\/div>\n\t\t\t\t<\/div>\n\t\t\t\t<div class=\"elementor-element elementor-element-25d4468 elementor-widget elementor-widget-spacer\" data-id=\"25d4468\" data-element_type=\"widget\" data-e-type=\"widget\" data-settings=\"{&quot;coursector_ext_hide_logged_in&quot;:&quot;false&quot;}\" data-widget_type=\"spacer.default\">\n\t\t\t\t<div class=\"elementor-widget-container\">\n\t\t\t\t\t\t\t<div class=\"elementor-spacer\">\n\t\t\t<div class=\"elementor-spacer-inner\"><\/div>\n\t\t<\/div>\n\t\t\t\t\t\t<\/div>\n\t\t\t\t<\/div>\n\t\t\t\t\t<\/div>\n\t\t<\/div>\n\t\t\t\t\t<\/div>\n\t\t<\/section>\n\t\t\t\t<\/div>\n\t\t","protected":false},"excerpt":{"rendered":"<p>This syllabus is concerned with different aspects of power in Europe and the societal structures associated with that power. The syllabus consists of five sections, which all deal with the main theme but approach it through different perspectives and historical [&hellip;]<\/p>\n","protected":false},"author":1,"featured_media":0,"parent":0,"menu_order":0,"comment_status":"closed","ping_status":"closed","template":"","meta":{"_monsterinsights_skip_tracking":false,"_monsterinsights_sitenote_active":false,"_monsterinsights_sitenote_note":"","_monsterinsights_sitenote_category":0,"footnotes":""},"class_list":["post-10536","page","type-page","status-publish","hentry"],"aioseo_notices":[],"_links":{"self":[{"href":"https:\/\/historylab.es\/es\/wp-json\/wp\/v2\/pages\/10536","targetHints":{"allow":["GET"]}}],"collection":[{"href":"https:\/\/historylab.es\/es\/wp-json\/wp\/v2\/pages"}],"about":[{"href":"https:\/\/historylab.es\/es\/wp-json\/wp\/v2\/types\/page"}],"author":[{"embeddable":true,"href":"https:\/\/historylab.es\/es\/wp-json\/wp\/v2\/users\/1"}],"replies":[{"embeddable":true,"href":"https:\/\/historylab.es\/es\/wp-json\/wp\/v2\/comments?post=10536"}],"version-history":[{"count":4,"href":"https:\/\/historylab.es\/es\/wp-json\/wp\/v2\/pages\/10536\/revisions"}],"predecessor-version":[{"id":21038,"href":"https:\/\/historylab.es\/es\/wp-json\/wp\/v2\/pages\/10536\/revisions\/21038"}],"wp:attachment":[{"href":"https:\/\/historylab.es\/es\/wp-json\/wp\/v2\/media?parent=10536"}],"curies":[{"name":"wp","href":"https:\/\/api.w.org\/{rel}","templated":true}]}}