{"id":10542,"date":"2022-02-21T11:11:17","date_gmt":"2022-02-21T11:11:17","guid":{"rendered":"https:\/\/historylab.es\/meetings-and-workshops\/"},"modified":"2023-04-11T10:35:56","modified_gmt":"2023-04-11T08:35:56","slug":"meetings-and-workshops","status":"publish","type":"page","link":"https:\/\/historylab.es\/es\/meetings-and-workshops\/","title":{"rendered":"Meetings and workshops"},"content":{"rendered":"\t\t<div data-elementor-type=\"wp-post\" data-elementor-id=\"10542\" class=\"elementor elementor-10542 elementor-6869\">\n\t\t\t\t\t\t<section class=\"elementor-section elementor-top-section elementor-element elementor-element-f72a51e elementor-section-boxed elementor-section-height-default elementor-section-height-default\" data-id=\"f72a51e\" data-element_type=\"section\" data-e-type=\"section\">\n\t\t\t\t\t\t<div class=\"elementor-container elementor-column-gap-default\">\n\t\t\t\t\t<div class=\"elementor-column elementor-col-100 elementor-top-column elementor-element elementor-element-fdab391\" data-id=\"fdab391\" data-element_type=\"column\" data-e-type=\"column\" data-settings=\"{&quot;coursector_ext_hide_logged_in&quot;:&quot;false&quot;}\">\n\t\t\t<div class=\"elementor-widget-wrap elementor-element-populated\">\n\t\t\t\t\t\t<div class=\"elementor-element elementor-element-8ffdad3 elementor-widget elementor-widget-heading\" data-id=\"8ffdad3\" data-element_type=\"widget\" data-e-type=\"widget\" data-settings=\"{&quot;coursector_ext_hide_logged_in&quot;:&quot;false&quot;}\" data-widget_type=\"heading.default\">\n\t\t\t\t<div class=\"elementor-widget-container\">\n\t\t\t\t\t<h3 class=\"elementor-heading-title elementor-size-default\">Symposium \u201cHistory Teaching and digital resources. Methodological and epistemological approaches\u201d<\/h3>\t\t\t\t<\/div>\n\t\t\t\t<\/div>\n\t\t\t\t<div class=\"elementor-element elementor-element-8fb357b elementor-widget elementor-widget-text-editor\" data-id=\"8fb357b\" data-element_type=\"widget\" data-e-type=\"widget\" data-settings=\"{&quot;coursector_ext_hide_logged_in&quot;:&quot;false&quot;}\" data-widget_type=\"text-editor.default\">\n\t\t\t\t<div class=\"elementor-widget-container\">\n\t\t\t\t\t\t\t\t\tThis symposium was celebrated into \u201cXV Congresso Internazionale sull\u00b4educazione e l\u00b4innovazione\u201d (Florence, December 2021)\t\t\t\t\t\t\t\t<\/div>\n\t\t\t\t<\/div>\n\t\t\t\t<div class=\"elementor-element elementor-element-f3475a2 elementor-widget elementor-widget-text-editor\" data-id=\"f3475a2\" data-element_type=\"widget\" data-e-type=\"widget\" data-settings=\"{&quot;coursector_ext_hide_logged_in&quot;:&quot;false&quot;}\" data-widget_type=\"text-editor.default\">\n\t\t\t\t<div class=\"elementor-widget-container\">\n\t\t\t\t\t\t\t\t\t<p><strong>Summary<\/strong><br \/>The Covid-19 pandemic has highlighted the need for several changes in the field of history education. In one hand, the need for a methodological change that integrates active learning methods, digital resources and emerging technologies to attend students&#8217; non-face-to-face lessons. Traditionally, history in Secondary Education has formed a space in which the most successful students adopt the ways of reading, memorizing, thinking and writing as required by the teacher (Nokes, 2017). In opposition to this traditional form, there is an alternative model that aims to make students capable of interpreting and using the information. This model considers knowledge as a construction shaped by an interdisciplinary approach and real social problems. Active learning methods and digital resources play a fundamental role in this change within this globalized and hyperconnected society of the 21st century.<\/p>\t\t\t\t\t\t\t\t<\/div>\n\t\t\t\t<\/div>\n\t\t\t\t<div class=\"elementor-element elementor-element-c13bc3e elementor-widget elementor-widget-text-editor\" data-id=\"c13bc3e\" data-element_type=\"widget\" data-e-type=\"widget\" data-settings=\"{&quot;coursector_ext_hide_logged_in&quot;:&quot;false&quot;}\" data-widget_type=\"text-editor.default\">\n\t\t\t\t<div class=\"elementor-widget-container\">\n\t\t\t\t\t\t\t\t\t<strong>Web of Symposium<\/strong><br ><a target=\"_blank\" href=\"https:\/\/promoeduca.es\/ciei2021\/simposios-invitados-simposi-invitati\/\">https:\/\/promoeduca.es\/ciei2021\/simposios-invitados-simposi-invitati\/<\/a>\n\n\t\t\t\t\t\t\t\t<\/div>\n\t\t\t\t<\/div>\n\t\t\t\t<div class=\"elementor-element elementor-element-29176d6 elementor-widget elementor-widget-text-editor\" data-id=\"29176d6\" data-element_type=\"widget\" data-e-type=\"widget\" data-settings=\"{&quot;coursector_ext_hide_logged_in&quot;:&quot;false&quot;}\" data-widget_type=\"text-editor.default\">\n\t\t\t\t<div class=\"elementor-widget-container\">\n\t\t\t\t\t\t\t\t\t<strong>Symposium Recording<\/strong><br \/>\n<a target=\"_blank\" href=\"https:\/\/www.youtube.com\/watch?v=DAlKHvVXR_U\">https:\/\/www.youtube.com\/watch?v=DAlKHvVXR_U<\/a>\t\t\t\t\t\t\t\t<\/div>\n\t\t\t\t<\/div>\n\t\t\t\t\t<\/div>\n\t\t<\/div>\n\t\t\t\t\t<\/div>\n\t\t<\/section>\n\t\t\t\t<section class=\"elementor-section elementor-top-section elementor-element elementor-element-1313b8c elementor-section-boxed elementor-section-height-default elementor-section-height-default\" data-id=\"1313b8c\" data-element_type=\"section\" data-e-type=\"section\">\n\t\t\t\t\t\t<div class=\"elementor-container elementor-column-gap-default\">\n\t\t\t\t\t<div class=\"elementor-column elementor-col-100 elementor-top-column elementor-element elementor-element-96aee48\" data-id=\"96aee48\" data-element_type=\"column\" data-e-type=\"column\" data-settings=\"{&quot;coursector_ext_hide_logged_in&quot;:&quot;false&quot;}\">\n\t\t\t<div class=\"elementor-widget-wrap elementor-element-populated\">\n\t\t\t\t\t\t<div class=\"elementor-element elementor-element-bf20fc7 elementor-widget elementor-widget-heading\" data-id=\"bf20fc7\" data-element_type=\"widget\" data-e-type=\"widget\" data-settings=\"{&quot;coursector_ext_hide_logged_in&quot;:&quot;false&quot;}\" data-widget_type=\"heading.default\">\n\t\t\t\t<div class=\"elementor-widget-container\">\n\t\t\t\t\t<h3 class=\"elementor-heading-title elementor-size-default\">International Workshop \u201cHistorical Competences and Heritage. Dialogues for the Development of Communities of Practice\u201d<\/h3>\t\t\t\t<\/div>\n\t\t\t\t<\/div>\n\t\t\t\t<div class=\"elementor-element elementor-element-3ccacda elementor-widget elementor-widget-text-editor\" data-id=\"3ccacda\" data-element_type=\"widget\" data-e-type=\"widget\" data-settings=\"{&quot;coursector_ext_hide_logged_in&quot;:&quot;false&quot;}\" data-widget_type=\"text-editor.default\">\n\t\t\t\t<div class=\"elementor-widget-container\">\n\t\t\t\t\t\t\t\t\tIn this international workshop, the possible work links between institutions that work with heritage, such as museums and archives, with research in historical education will be considered. Within the framework of the ERASMUS + HistoryLab project, the use of digital resources for teaching history and historical skills, and heritage education practices with controversial issues will be addressed.\t\t\t\t\t\t\t\t<\/div>\n\t\t\t\t<\/div>\n\t\t\t\t<div class=\"elementor-element elementor-element-521352f elementor-widget elementor-widget-text-editor\" data-id=\"521352f\" data-element_type=\"widget\" data-e-type=\"widget\" data-settings=\"{&quot;coursector_ext_hide_logged_in&quot;:&quot;false&quot;}\" data-widget_type=\"text-editor.default\">\n\t\t\t\t<div class=\"elementor-widget-container\">\n\t\t\t\t\t\t\t\t\tIn this international symposium will participate:\t\t\t\t\t\t\t\t<\/div>\n\t\t\t\t<\/div>\n\t\t\t\t<section class=\"elementor-section elementor-inner-section elementor-element elementor-element-0654c43 elementor-section-boxed elementor-section-height-default elementor-section-height-default\" data-id=\"0654c43\" data-element_type=\"section\" data-e-type=\"section\">\n\t\t\t\t\t\t<div class=\"elementor-container elementor-column-gap-default\">\n\t\t\t\t\t<div class=\"elementor-column elementor-col-50 elementor-inner-column elementor-element elementor-element-794d2c4\" data-id=\"794d2c4\" data-element_type=\"column\" data-e-type=\"column\" data-settings=\"{&quot;coursector_ext_hide_logged_in&quot;:&quot;false&quot;}\">\n\t\t\t<div class=\"elementor-widget-wrap elementor-element-populated\">\n\t\t\t\t\t\t<div class=\"elementor-element elementor-element-4541a9e elementor-icon-list--layout-traditional elementor-list-item-link-full_width elementor-widget elementor-widget-icon-list\" data-id=\"4541a9e\" data-element_type=\"widget\" data-e-type=\"widget\" data-settings=\"{&quot;coursector_ext_hide_logged_in&quot;:&quot;false&quot;}\" data-widget_type=\"icon-list.default\">\n\t\t\t\t<div class=\"elementor-widget-container\">\n\t\t\t\t\t\t\t<ul class=\"elementor-icon-list-items\">\n\t\t\t\t\t\t\t<li class=\"elementor-icon-list-item\">\n\t\t\t\t\t\t\t\t\t\t<span class=\"elementor-icon-list-text\">Pedro Miralles Martinez, University of Murcia<\/span>\n\t\t\t\t\t\t\t\t\t<\/li>\n\t\t\t\t\t\t\t\t<li class=\"elementor-icon-list-item\">\n\t\t\t\t\t\t\t\t\t\t<span class=\"elementor-icon-list-text\">Cosme J. G\u00f3mez Carrasco, University of Murcia<\/span>\n\t\t\t\t\t\t\t\t\t<\/li>\n\t\t\t\t\t\t\t\t<li class=\"elementor-icon-list-item\">\n\t\t\t\t\t\t\t\t\t\t<span class=\"elementor-icon-list-text\">Silvia Velazquez Rodriguez. General Subdirectorate for Territorial Cooperation and Educational Innovation. Ministry of Education and Vocational Training.<\/span>\n\t\t\t\t\t\t\t\t\t<\/li>\n\t\t\t\t\t\t\t\t<li class=\"elementor-icon-list-item\">\n\t\t\t\t\t\t\t\t\t\t<span class=\"elementor-icon-list-text\">F\u00e9lix Gonz\u00e1lez Chicote, Director of the IES Margarita Salas, Sese\u00f1a.<\/span>\n\t\t\t\t\t\t\t\t\t<\/li>\n\t\t\t\t\t\t\t\t<li class=\"elementor-icon-list-item\">\n\t\t\t\t\t\t\t\t\t\t<span class=\"elementor-icon-list-text\">Ram\u00f3n L\u00f3pez Facal, University of Santiago de Compostela<\/span>\n\t\t\t\t\t\t\t\t\t<\/li>\n\t\t\t\t\t\t\t\t<li class=\"elementor-icon-list-item\">\n\t\t\t\t\t\t\t\t\t\t<span class=\"elementor-icon-list-text\">Xos\u00e9 Manuel Souto, University of Valencia<\/span>\n\t\t\t\t\t\t\t\t\t<\/li>\n\t\t\t\t\t\t\t\t<li class=\"elementor-icon-list-item\">\n\t\t\t\t\t\t\t\t\t\t<span class=\"elementor-icon-list-text\">Ainoa Escribano Miralles, National University of Distance Education<\/span>\n\t\t\t\t\t\t\t\t\t<\/li>\n\t\t\t\t\t\t\t\t<li class=\"elementor-icon-list-item\">\n\t\t\t\t\t\t\t\t\t\t<span class=\"elementor-icon-list-text\">\u00c1lex Ib\u00e1\u00f1ez Etxeberr\u00eda, University of the Basque Country<\/span>\n\t\t\t\t\t\t\t\t\t<\/li>\n\t\t\t\t\t\t\t\t<li class=\"elementor-icon-list-item\">\n\t\t\t\t\t\t\t\t\t\t<span class=\"elementor-icon-list-text\">Carlos Javier Fern\u00e1ndez Rodr\u00edguez, Museum of Almer\u00eda<\/span>\n\t\t\t\t\t\t\t\t\t<\/li>\n\t\t\t\t\t\t\t\t<li class=\"elementor-icon-list-item\">\n\t\t\t\t\t\t\t\t\t\t<span class=\"elementor-icon-list-text\">Fco. Borja Manuel Aguinagalde Olaizola, Historical Archive of the Basque Country<\/span>\n\t\t\t\t\t\t\t\t\t<\/li>\n\t\t\t\t\t\t<\/ul>\n\t\t\t\t\t\t<\/div>\n\t\t\t\t<\/div>\n\t\t\t\t\t<\/div>\n\t\t<\/div>\n\t\t\t\t<div class=\"elementor-column elementor-col-50 elementor-inner-column elementor-element elementor-element-5d86044\" data-id=\"5d86044\" data-element_type=\"column\" data-e-type=\"column\" data-settings=\"{&quot;coursector_ext_hide_logged_in&quot;:&quot;false&quot;}\">\n\t\t\t<div class=\"elementor-widget-wrap elementor-element-populated\">\n\t\t\t\t\t\t<div class=\"elementor-element elementor-element-6ad99b8 elementor-icon-list--layout-traditional elementor-list-item-link-full_width elementor-widget elementor-widget-icon-list\" data-id=\"6ad99b8\" data-element_type=\"widget\" data-e-type=\"widget\" data-settings=\"{&quot;coursector_ext_hide_logged_in&quot;:&quot;false&quot;}\" data-widget_type=\"icon-list.default\">\n\t\t\t\t<div class=\"elementor-widget-container\">\n\t\t\t\t\t\t\t<ul class=\"elementor-icon-list-items\">\n\t\t\t\t\t\t\t<li class=\"elementor-icon-list-item\">\n\t\t\t\t\t\t\t\t\t\t<span class=\"elementor-icon-list-text\">Gema Sala P\u00e9rez, Archaeological Museum of Alicante<\/span>\n\t\t\t\t\t\t\t\t\t<\/li>\n\t\t\t\t\t\t\t\t<li class=\"elementor-icon-list-item\">\n\t\t\t\t\t\t\t\t\t\t<span class=\"elementor-icon-list-text\">Alfonso Garc\u00eda L\u00f3pez, Integra Foundation<\/span>\n\t\t\t\t\t\t\t\t\t<\/li>\n\t\t\t\t\t\t\t\t<li class=\"elementor-icon-list-item\">\n\t\t\t\t\t\t\t\t\t\t<span class=\"elementor-icon-list-text\">Myriam Martin C\u00e1ceres, University of Huelva<\/span>\n\t\t\t\t\t\t\t\t\t<\/li>\n\t\t\t\t\t\t\t\t<li class=\"elementor-icon-list-item\">\n\t\t\t\t\t\t\t\t\t\t<span class=\"elementor-icon-list-text\">Pilar Caldera de Castro, National Museum of Roman Art in M\u00e9rida<\/span>\n\t\t\t\t\t\t\t\t\t<\/li>\n\t\t\t\t\t\t\t\t<li class=\"elementor-icon-list-item\">\n\t\t\t\t\t\t\t\t\t\t<span class=\"elementor-icon-list-text\">M\u00aa Jes\u00fas Rubio Visiers, National Archaeological Museum<\/span>\n\t\t\t\t\t\t\t\t\t<\/li>\n\t\t\t\t\t\t\t\t<li class=\"elementor-icon-list-item\">\n\t\t\t\t\t\t\t\t\t\t<span class=\"elementor-icon-list-text\">Encarna Lago Gonz\u00e1lez, Museum Network of Lugo<\/span>\n\t\t\t\t\t\t\t\t\t<\/li>\n\t\t\t\t\t\t\t\t<li class=\"elementor-icon-list-item\">\n\t\t\t\t\t\t\t\t\t\t<span class=\"elementor-icon-list-text\">Jos\u00e9 Manuel Rey Garc\u00eda, Museum of Pontevedra<\/span>\n\t\t\t\t\t\t\t\t\t<\/li>\n\t\t\t\t\t\t\t\t<li class=\"elementor-icon-list-item\">\n\t\t\t\t\t\t\t\t\t\t<span class=\"elementor-icon-list-text\">Jos\u00e9 Mar\u00eda Cuenca L\u00f3pez, University of Huelva<\/span>\n\t\t\t\t\t\t\t\t\t<\/li>\n\t\t\t\t\t\t\t\t<li class=\"elementor-icon-list-item\">\n\t\t\t\t\t\t\t\t\t\t<span class=\"elementor-icon-list-text\">Daniel Schugurensky, State University of Arizona<\/span>\n\t\t\t\t\t\t\t\t\t<\/li>\n\t\t\t\t\t\t<\/ul>\n\t\t\t\t\t\t<\/div>\n\t\t\t\t<\/div>\n\t\t\t\t\t<\/div>\n\t\t<\/div>\n\t\t\t\t\t<\/div>\n\t\t<\/section>\n\t\t\t\t\t<\/div>\n\t\t<\/div>\n\t\t\t\t\t<\/div>\n\t\t<\/section>\n\t\t\t\t<section class=\"elementor-section elementor-top-section elementor-element elementor-element-72d6f41 elementor-section-boxed elementor-section-height-default elementor-section-height-default\" data-id=\"72d6f41\" data-element_type=\"section\" data-e-type=\"section\">\n\t\t\t\t\t\t<div class=\"elementor-container elementor-column-gap-default\">\n\t\t\t\t\t<div class=\"elementor-column elementor-col-100 elementor-top-column elementor-element elementor-element-ea6b729\" data-id=\"ea6b729\" data-element_type=\"column\" data-e-type=\"column\" data-settings=\"{&quot;coursector_ext_hide_logged_in&quot;:&quot;false&quot;}\">\n\t\t\t<div class=\"elementor-widget-wrap elementor-element-populated\">\n\t\t\t\t\t\t<div class=\"elementor-element elementor-element-63e049f elementor-widget elementor-widget-text-editor\" data-id=\"63e049f\" data-element_type=\"widget\" data-e-type=\"widget\" data-settings=\"{&quot;coursector_ext_hide_logged_in&quot;:&quot;false&quot;}\" data-widget_type=\"text-editor.default\">\n\t\t\t\t<div class=\"elementor-widget-container\">\n\t\t\t\t\t\t\t\t\t<strong>Web of Workshop<\/strong><br \/>\n<a href=\"https:\/\/casiopea.um.es\/cursospe\/internacionales'competenciasi.f\" target=\"_blank\" rel=\"noopener\">https:\/\/casiopea.um.es\/cursospe\/internacionales&#8217;competenciasi.f<\/a>\t\t\t\t\t\t\t\t<\/div>\n\t\t\t\t<\/div>\n\t\t\t\t\t<\/div>\n\t\t<\/div>\n\t\t\t\t\t<\/div>\n\t\t<\/section>\n\t\t\t\t<section class=\"elementor-section elementor-top-section elementor-element elementor-element-07f7a50 elementor-section-boxed elementor-section-height-default elementor-section-height-default\" data-id=\"07f7a50\" data-element_type=\"section\" data-e-type=\"section\">\n\t\t\t\t\t\t<div class=\"elementor-container elementor-column-gap-default\">\n\t\t\t\t\t<div class=\"elementor-column elementor-col-100 elementor-top-column elementor-element elementor-element-af57a47\" data-id=\"af57a47\" data-element_type=\"column\" data-e-type=\"column\" data-settings=\"{&quot;coursector_ext_hide_logged_in&quot;:&quot;false&quot;}\">\n\t\t\t<div class=\"elementor-widget-wrap elementor-element-populated\">\n\t\t\t\t\t\t<div class=\"elementor-element elementor-element-a7a2b21 elementor-widget elementor-widget-heading\" data-id=\"a7a2b21\" data-element_type=\"widget\" data-e-type=\"widget\" data-settings=\"{&quot;coursector_ext_hide_logged_in&quot;:&quot;false&quot;}\" data-widget_type=\"heading.default\">\n\t\t\t\t<div class=\"elementor-widget-container\">\n\t\t\t\t\t<h3 class=\"elementor-heading-title elementor-size-default\">XXII Congreso Internacional de las Jornadas de Educa\u00e7ao Historica<\/h3>\t\t\t\t<\/div>\n\t\t\t\t<\/div>\n\t\t\t\t<div class=\"elementor-element elementor-element-ddf8b3a elementor-widget elementor-widget-text-editor\" data-id=\"ddf8b3a\" data-element_type=\"widget\" data-e-type=\"widget\" data-settings=\"{&quot;coursector_ext_hide_logged_in&quot;:&quot;false&quot;}\" data-widget_type=\"text-editor.default\">\n\t\t\t\t<div class=\"elementor-widget-container\">\n\t\t\t\t\t\t\t\t\tLa XXII edici\u00f3n del Congreso Internacional Jornadas de Educa\u00e7ao Hist\u00f3rica,evento multiplicador del proyecto Erasmus+ HistoryLab, se celebrar\u00e1 en la Universidad de Murcia los d\u00edas 31 de mayo, 1 y 2 de junio de 2023 y estar\u00e1 organizado por el grupo de investigaci\u00f3n DICSO en colaboraci\u00f3n con distintas universidades de \u00e1mbito internacional. Este Congreso crear\u00e1 un foro de discusi\u00f3n y debate sobre los retos de futuro a los que se enfrenta la ense\u00f1anza de la historia.\t\t\t\t\t\t\t\t<\/div>\n\t\t\t\t<\/div>\n\t\t\t\t<div class=\"elementor-element elementor-element-9d0f07c elementor-widget elementor-widget-text-editor\" data-id=\"9d0f07c\" data-element_type=\"widget\" data-e-type=\"widget\" data-settings=\"{&quot;coursector_ext_hide_logged_in&quot;:&quot;false&quot;}\" data-widget_type=\"text-editor.default\">\n\t\t\t\t<div class=\"elementor-widget-container\">\n\t\t\t\t\t\t\t\t\tAdem\u00e1s, la celebraci\u00f3n del Congreso, servir\u00e1 para rendir el merecido homenaje a la trayectoria acad\u00e9mica de la profesora Isabel Barca por su amplia aportaci\u00f3n al campo de la ense\u00f1anza y el aprendizaje de la historia.\t\t\t\t\t\t\t\t<\/div>\n\t\t\t\t<\/div>\n\t\t\t\t<div class=\"elementor-element elementor-element-b0cca42 elementor-widget elementor-widget-text-editor\" data-id=\"b0cca42\" data-element_type=\"widget\" data-e-type=\"widget\" data-settings=\"{&quot;coursector_ext_hide_logged_in&quot;:&quot;false&quot;}\" data-widget_type=\"text-editor.default\">\n\t\t\t\t<div class=\"elementor-widget-container\">\n\t\t\t\t\t\t\t\t\tEn esta ocasi\u00f3n, la tem\u00e1tica del Congreso se centrar\u00e1 en el desarrollo educativo de las <em>competencias de pensamiento hist\u00f3rico, el compromiso c\u00edvico, democr\u00e1tico y ciudadano, as\u00ed como la alfabetizaci\u00f3n digital<\/em> del profesorado y el alumnado en lo que concierne al uso en el aula de recursos digitales para la ense\u00f1anza y aprendizaje de la historia.\t\t\t\t\t\t\t\t<\/div>\n\t\t\t\t<\/div>\n\t\t\t\t\t<\/div>\n\t\t<\/div>\n\t\t\t\t\t<\/div>\n\t\t<\/section>\n\t\t\t\t<section class=\"elementor-section elementor-top-section elementor-element elementor-element-9ce36e2 elementor-section-boxed elementor-section-height-default elementor-section-height-default\" data-id=\"9ce36e2\" data-element_type=\"section\" data-e-type=\"section\">\n\t\t\t\t\t\t<div class=\"elementor-container elementor-column-gap-default\">\n\t\t\t\t\t<div class=\"elementor-column elementor-col-100 elementor-top-column elementor-element elementor-element-b23f6e6\" data-id=\"b23f6e6\" data-element_type=\"column\" data-e-type=\"column\" data-settings=\"{&quot;coursector_ext_hide_logged_in&quot;:&quot;false&quot;}\">\n\t\t\t<div class=\"elementor-widget-wrap elementor-element-populated\">\n\t\t\t\t\t\t<div class=\"elementor-element elementor-element-fc6cf26 elementor-widget elementor-widget-text-editor\" data-id=\"fc6cf26\" data-element_type=\"widget\" data-e-type=\"widget\" data-settings=\"{&quot;coursector_ext_hide_logged_in&quot;:&quot;false&quot;}\" data-widget_type=\"text-editor.default\">\n\t\t\t\t<div class=\"elementor-widget-container\">\n\t\t\t\t\t\t\t\t\t<strong>Web del congreso<\/strong><br \/>\n<a href=\"https:\/\/eventos.um.es\/85783\/detail\/xxii-congreso-internacional-jornadas-de-educacion-historica-pensamiento-historico-compromiso-civico.html\" target=\"_blank\" rel=\"noopener\">https:\/\/eventos.um.es\/85783\/detail\/xxii-congreso-internacional-jornadas-de-educacion-historica-pensamiento-historico-compromiso-civico.html<\/a>\t\t\t\t\t\t\t\t<\/div>\n\t\t\t\t<\/div>\n\t\t\t\t\t<\/div>\n\t\t<\/div>\n\t\t\t\t\t<\/div>\n\t\t<\/section>\n\t\t\t\t<section class=\"elementor-section elementor-top-section elementor-element elementor-element-72b89ed elementor-section-boxed elementor-section-height-default elementor-section-height-default\" data-id=\"72b89ed\" data-element_type=\"section\" data-e-type=\"section\">\n\t\t\t\t\t\t<div class=\"elementor-container elementor-column-gap-default\">\n\t\t\t\t\t<div class=\"elementor-column elementor-col-100 elementor-top-column elementor-element elementor-element-91c1cfd\" data-id=\"91c1cfd\" data-element_type=\"column\" data-e-type=\"column\" data-settings=\"{&quot;coursector_ext_hide_logged_in&quot;:&quot;false&quot;}\">\n\t\t\t<div class=\"elementor-widget-wrap elementor-element-populated\">\n\t\t\t\t\t\t<div class=\"elementor-element elementor-element-db573e7 elementor-widget elementor-widget-spacer\" data-id=\"db573e7\" data-element_type=\"widget\" data-e-type=\"widget\" data-settings=\"{&quot;coursector_ext_hide_logged_in&quot;:&quot;false&quot;}\" data-widget_type=\"spacer.default\">\n\t\t\t\t<div class=\"elementor-widget-container\">\n\t\t\t\t\t\t\t<div class=\"elementor-spacer\">\n\t\t\t<div class=\"elementor-spacer-inner\"><\/div>\n\t\t<\/div>\n\t\t\t\t\t\t<\/div>\n\t\t\t\t<\/div>\n\t\t\t\t\t<\/div>\n\t\t<\/div>\n\t\t\t\t\t<\/div>\n\t\t<\/section>\n\t\t\t\t<\/div>\n\t\t","protected":false},"excerpt":{"rendered":"<p>Symposium \u201cHistory Teaching and digital resources. Methodological and epistemological approaches\u201d This symposium was celebrated into \u201cXV Congresso Internazionale sull\u00b4educazione e l\u00b4innovazione\u201d (Florence, December 2021) SummaryThe Covid-19 pandemic has highlighted the need for several changes in the field of history education. [&hellip;]<\/p>\n","protected":false},"author":1,"featured_media":0,"parent":0,"menu_order":0,"comment_status":"closed","ping_status":"closed","template":"","meta":{"_monsterinsights_skip_tracking":false,"_monsterinsights_sitenote_active":false,"_monsterinsights_sitenote_note":"","_monsterinsights_sitenote_category":0,"footnotes":""},"class_list":["post-10542","page","type-page","status-publish","hentry"],"aioseo_notices":[],"_links":{"self":[{"href":"https:\/\/historylab.es\/es\/wp-json\/wp\/v2\/pages\/10542","targetHints":{"allow":["GET"]}}],"collection":[{"href":"https:\/\/historylab.es\/es\/wp-json\/wp\/v2\/pages"}],"about":[{"href":"https:\/\/historylab.es\/es\/wp-json\/wp\/v2\/types\/page"}],"author":[{"embeddable":true,"href":"https:\/\/historylab.es\/es\/wp-json\/wp\/v2\/users\/1"}],"replies":[{"embeddable":true,"href":"https:\/\/historylab.es\/es\/wp-json\/wp\/v2\/comments?post=10542"}],"version-history":[{"count":27,"href":"https:\/\/historylab.es\/es\/wp-json\/wp\/v2\/pages\/10542\/revisions"}],"predecessor-version":[{"id":25724,"href":"https:\/\/historylab.es\/es\/wp-json\/wp\/v2\/pages\/10542\/revisions\/25724"}],"wp:attachment":[{"href":"https:\/\/historylab.es\/es\/wp-json\/wp\/v2\/media?parent=10542"}],"curies":[{"name":"wp","href":"https:\/\/api.w.org\/{rel}","templated":true}]}}