{"id":18632,"date":"2022-09-30T09:56:17","date_gmt":"2022-09-30T07:56:17","guid":{"rendered":"https:\/\/historylab.es\/collaborations\/"},"modified":"2023-04-10T19:28:12","modified_gmt":"2023-04-10T17:28:12","slug":"colaboraciones","status":"publish","type":"page","link":"https:\/\/historylab.es\/es\/colaboraciones\/","title":{"rendered":"Colaboraciones"},"content":{"rendered":"\t\t<div data-elementor-type=\"wp-post\" data-elementor-id=\"18632\" class=\"elementor elementor-18632 elementor-18609\">\n\t\t\t\t\t\t<section class=\"elementor-section elementor-top-section elementor-element elementor-element-6df94cf elementor-section-boxed elementor-section-height-default elementor-section-height-default\" data-id=\"6df94cf\" data-element_type=\"section\" data-e-type=\"section\">\n\t\t\t\t\t\t<div class=\"elementor-container elementor-column-gap-default\">\n\t\t\t\t\t<div class=\"elementor-column elementor-col-100 elementor-top-column elementor-element elementor-element-40739d2\" data-id=\"40739d2\" data-element_type=\"column\" data-e-type=\"column\" data-settings=\"{&quot;coursector_ext_hide_logged_in&quot;:&quot;false&quot;}\">\n\t\t\t<div class=\"elementor-widget-wrap elementor-element-populated\">\n\t\t\t\t\t\t<div class=\"elementor-element elementor-element-9c2f241 elementor-widget elementor-widget-image\" data-id=\"9c2f241\" data-element_type=\"widget\" data-e-type=\"widget\" data-settings=\"{&quot;coursector_ext_hide_logged_in&quot;:&quot;false&quot;}\" data-widget_type=\"image.default\">\n\t\t\t\t<div class=\"elementor-widget-container\">\n\t\t\t\t\t\t\t\t\t\t\t\t\t\t\t<img fetchpriority=\"high\" decoding=\"async\" width=\"1024\" height=\"625\" src=\"https:\/\/historylab.es\/wp-content\/uploads\/2022\/09\/collaborations.jpg\" class=\"attachment-large size-large wp-image-18611\" alt=\"Collaborations\" srcset=\"https:\/\/historylab.es\/wp-content\/uploads\/2022\/09\/collaborations.jpg 1024w, https:\/\/historylab.es\/wp-content\/uploads\/2022\/09\/collaborations-300x183.jpg 300w, https:\/\/historylab.es\/wp-content\/uploads\/2022\/09\/collaborations-768x469.jpg 768w, https:\/\/historylab.es\/wp-content\/uploads\/2022\/09\/collaborations-440x269.jpg 440w\" sizes=\"(max-width: 1024px) 100vw, 1024px\" \/>\t\t\t\t\t\t\t\t\t\t\t\t\t\t\t<\/div>\n\t\t\t\t<\/div>\n\t\t\t\t\t<\/div>\n\t\t<\/div>\n\t\t\t\t\t<\/div>\n\t\t<\/section>\n\t\t\t\t<section class=\"elementor-section elementor-top-section elementor-element elementor-element-f72a51e elementor-section-boxed elementor-section-height-default elementor-section-height-default\" data-id=\"f72a51e\" data-element_type=\"section\" data-e-type=\"section\">\n\t\t\t\t\t\t<div class=\"elementor-container elementor-column-gap-default\">\n\t\t\t\t\t<div class=\"elementor-column elementor-col-100 elementor-top-column elementor-element elementor-element-fdab391\" data-id=\"fdab391\" data-element_type=\"column\" data-e-type=\"column\" data-settings=\"{&quot;coursector_ext_hide_logged_in&quot;:&quot;false&quot;}\">\n\t\t\t<div class=\"elementor-widget-wrap elementor-element-populated\">\n\t\t\t\t\t\t<div class=\"elementor-element elementor-element-c13bc3e elementor-widget elementor-widget-text-editor\" data-id=\"c13bc3e\" data-element_type=\"widget\" data-e-type=\"widget\" data-settings=\"{&quot;coursector_ext_hide_logged_in&quot;:&quot;false&quot;}\" data-widget_type=\"text-editor.default\">\n\t\t\t\t<div class=\"elementor-widget-container\">\n\t\t\t\t\t\t\t\t\t<p><strong>Modelos<\/strong><\/p>\t\t\t\t\t\t\t\t<\/div>\n\t\t\t\t<\/div>\n\t\t\t\t<div class=\"elementor-element elementor-element-511d6d2 elementor-icon-list--layout-traditional elementor-list-item-link-full_width elementor-widget elementor-widget-icon-list\" data-id=\"511d6d2\" data-element_type=\"widget\" data-e-type=\"widget\" data-settings=\"{&quot;coursector_ext_hide_logged_in&quot;:&quot;false&quot;}\" data-widget_type=\"icon-list.default\">\n\t\t\t\t<div class=\"elementor-widget-container\">\n\t\t\t\t\t\t\t<ul class=\"elementor-icon-list-items\">\n\t\t\t\t\t\t\t<li class=\"elementor-icon-list-item\">\n\t\t\t\t\t\t\t\t\t\t\t<a href=\"https:\/\/historylab.es\/wp-content\/uploads\/modelo_situacion-de-aprendizaje.xlsx\">\n\n\t\t\t\t\t\t\t\t\t\t\t\t<span class=\"elementor-icon-list-icon\">\n\t\t\t\t\t\t\t<i aria-hidden=\"true\" class=\"far fa-file-excel\"><\/i>\t\t\t\t\t\t<\/span>\n\t\t\t\t\t\t\t\t\t\t<span class=\"elementor-icon-list-text\">Situaci\u00f3n de aprendizaje<\/span>\n\t\t\t\t\t\t\t\t\t\t\t<\/a>\n\t\t\t\t\t\t\t\t\t<\/li>\n\t\t\t\t\t\t\t\t<li class=\"elementor-icon-list-item\">\n\t\t\t\t\t\t\t\t\t\t\t<a href=\"https:\/\/historylab.es\/wp-content\/uploads\/modelo_unidad-de-programacion.xlsx\">\n\n\t\t\t\t\t\t\t\t\t\t\t\t<span class=\"elementor-icon-list-icon\">\n\t\t\t\t\t\t\t<i aria-hidden=\"true\" class=\"far fa-file-excel\"><\/i>\t\t\t\t\t\t<\/span>\n\t\t\t\t\t\t\t\t\t\t<span class=\"elementor-icon-list-text\">Unidad de programaci\u00f3n<\/span>\n\t\t\t\t\t\t\t\t\t\t\t<\/a>\n\t\t\t\t\t\t\t\t\t<\/li>\n\t\t\t\t\t\t<\/ul>\n\t\t\t\t\t\t<\/div>\n\t\t\t\t<\/div>\n\t\t\t\t<div class=\"elementor-element elementor-element-25d4468 elementor-widget elementor-widget-spacer\" data-id=\"25d4468\" data-element_type=\"widget\" data-e-type=\"widget\" data-settings=\"{&quot;coursector_ext_hide_logged_in&quot;:&quot;false&quot;}\" data-widget_type=\"spacer.default\">\n\t\t\t\t<div class=\"elementor-widget-container\">\n\t\t\t\t\t\t\t<div class=\"elementor-spacer\">\n\t\t\t<div class=\"elementor-spacer-inner\"><\/div>\n\t\t<\/div>\n\t\t\t\t\t\t<\/div>\n\t\t\t\t<\/div>\n\t\t\t\t<div class=\"elementor-element elementor-element-01ab1a9 elementor-widget elementor-widget-text-editor\" data-id=\"01ab1a9\" data-element_type=\"widget\" data-e-type=\"widget\" data-settings=\"{&quot;coursector_ext_hide_logged_in&quot;:&quot;false&quot;}\" data-widget_type=\"text-editor.default\">\n\t\t\t\t<div class=\"elementor-widget-container\">\n\t\t\t\t\t\t\t\t\t<strong>Situaciones de aprendizaje<\/strong>\t\t\t\t\t\t\t\t<\/div>\n\t\t\t\t<\/div>\n\t\t\t\t<div class=\"elementor-element elementor-element-4cba099 elementor-position-left elementor-vertical-align-top elementor-widget elementor-widget-image-box\" data-id=\"4cba099\" data-element_type=\"widget\" data-e-type=\"widget\" data-settings=\"{&quot;coursector_ext_hide_logged_in&quot;:&quot;false&quot;}\" data-widget_type=\"image-box.default\">\n\t\t\t\t<div class=\"elementor-widget-container\">\n\t\t\t\t\t<div class=\"elementor-image-box-wrapper\"><figure class=\"elementor-image-box-img\"><a href=\"https:\/\/descargas.intef.es\/recursos_educativos\/ODES_SGOA\/ESO\/GeH\/4_SA_CUIDAR_A_QUIEN_LO_NECESITA\/index.html\" target=\"_blank\" tabindex=\"-1\"><img decoding=\"async\" width=\"500\" height=\"332\" src=\"https:\/\/historylab.es\/wp-content\/uploads\/2023\/03\/familiaycuidados.jpg\" class=\"attachment-full size-full wp-image-25508\" alt=\"Familia y cuidados\" srcset=\"https:\/\/historylab.es\/wp-content\/uploads\/2023\/03\/familiaycuidados.jpg 500w, https:\/\/historylab.es\/wp-content\/uploads\/2023\/03\/familiaycuidados-300x199.jpg 300w, https:\/\/historylab.es\/wp-content\/uploads\/2023\/03\/familiaycuidados-440x292.jpg 440w\" sizes=\"(max-width: 500px) 100vw, 500px\" \/><\/a><\/figure><div class=\"elementor-image-box-content\"><h3 class=\"elementor-image-box-title\"><a href=\"https:\/\/descargas.intef.es\/recursos_educativos\/ODES_SGOA\/ESO\/GeH\/4_SA_CUIDAR_A_QUIEN_LO_NECESITA\/index.html\" target=\"_blank\">Cuidar a quien lo necesita<\/a><\/h3><p class=\"elementor-image-box-description\">\u00bfC\u00f3mo se ha afrontado en el pasado y se afronta en el presente el cuidado de las personas en situaci\u00f3n de dependencia?<\/p><\/div><\/div>\t\t\t\t<\/div>\n\t\t\t\t<\/div>\n\t\t\t\t<div class=\"elementor-element elementor-element-c287f23 elementor-widget elementor-widget-text-editor\" data-id=\"c287f23\" data-element_type=\"widget\" data-e-type=\"widget\" data-settings=\"{&quot;coursector_ext_hide_logged_in&quot;:&quot;false&quot;}\" data-widget_type=\"text-editor.default\">\n\t\t\t\t<div class=\"elementor-widget-container\">\n\t\t\t\t\t\t\t\t\t<a href=\"https:\/\/www.freepik.es\/foto-gratis\/recorte-papel-diferentes-miembros-familia-juntos_10418972.htm#query=Servicios%20sociales%20cuidados&amp;position=12&amp;from_view=search&amp;track=ais\" target=\"_blank\" rel=\"noopener\">Imagen de Freepik<\/a>. <em>Familia y cuidados<\/em> (<a title=\"Creative Commons BY\" href=\"http:\/\/creativecommons.org\/licenses\/?lang=es\" target=\"_blank\" rel=\"license nofollow noopener\">CC BY<\/a>)\t\t\t\t\t\t\t\t<\/div>\n\t\t\t\t<\/div>\n\t\t\t\t<div class=\"elementor-element elementor-element-f511cbb elementor-widget elementor-widget-spacer\" data-id=\"f511cbb\" data-element_type=\"widget\" data-e-type=\"widget\" data-settings=\"{&quot;coursector_ext_hide_logged_in&quot;:&quot;false&quot;}\" data-widget_type=\"spacer.default\">\n\t\t\t\t<div class=\"elementor-widget-container\">\n\t\t\t\t\t\t\t<div class=\"elementor-spacer\">\n\t\t\t<div class=\"elementor-spacer-inner\"><\/div>\n\t\t<\/div>\n\t\t\t\t\t\t<\/div>\n\t\t\t\t<\/div>\n\t\t\t\t<div class=\"elementor-element elementor-element-eb53a29 elementor-position-left elementor-vertical-align-top elementor-widget elementor-widget-image-box\" data-id=\"eb53a29\" data-element_type=\"widget\" data-e-type=\"widget\" data-settings=\"{&quot;coursector_ext_hide_logged_in&quot;:&quot;false&quot;}\" data-widget_type=\"image-box.default\">\n\t\t\t\t<div class=\"elementor-widget-container\">\n\t\t\t\t\t<div class=\"elementor-image-box-wrapper\"><figure class=\"elementor-image-box-img\"><a href=\"https:\/\/descargas.intef.es\/recursos_educativos\/ODES_SGOA\/ESO\/GeH\/4N_SA_VCTIMAS_DE_LA_GUERRA_CIVIL\/index.html\" target=\"_blank\" tabindex=\"-1\"><img decoding=\"async\" width=\"600\" height=\"400\" src=\"https:\/\/historylab.es\/wp-content\/uploads\/2023\/04\/memoria-democratica.jpg\" class=\"attachment-full size-full wp-image-25581\" alt=\"Memoria democr\u00e1tica\" srcset=\"https:\/\/historylab.es\/wp-content\/uploads\/2023\/04\/memoria-democratica.jpg 600w, https:\/\/historylab.es\/wp-content\/uploads\/2023\/04\/memoria-democratica-300x200.jpg 300w, https:\/\/historylab.es\/wp-content\/uploads\/2023\/04\/memoria-democratica-440x293.jpg 440w\" sizes=\"(max-width: 600px) 100vw, 600px\" \/><\/a><\/figure><div class=\"elementor-image-box-content\"><h3 class=\"elementor-image-box-title\"><a href=\"https:\/\/descargas.intef.es\/recursos_educativos\/ODES_SGOA\/ESO\/GeH\/4N_SA_VCTIMAS_DE_LA_GUERRA_CIVIL\/index.html\" target=\"_blank\">Una escuela con memoria<\/a><\/h3><p class=\"elementor-image-box-description\">\u00bfC\u00f3mo dignificar a las v\u00edctimas de conflictos y situaciones traum\u00e1ticas?<\/p><\/div><\/div>\t\t\t\t<\/div>\n\t\t\t\t<\/div>\n\t\t\t\t<div class=\"elementor-element elementor-element-39eb6a6 elementor-widget elementor-widget-text-editor\" data-id=\"39eb6a6\" data-element_type=\"widget\" data-e-type=\"widget\" data-settings=\"{&quot;coursector_ext_hide_logged_in&quot;:&quot;false&quot;}\" data-widget_type=\"text-editor.default\">\n\t\t\t\t<div class=\"elementor-widget-container\">\n\t\t\t\t\t\t\t\t\t<a href=\"https:\/\/www.freepik.es\/foto-gratis\/composicion-democracia-estilo-papel-vista-superior_18264690.htm#query=memoria%20democr%C3%A1tica&amp;position=34&amp;from_view=search&amp;track=ais\" target=\"_blank\" rel=\"noopener\">Imagen de Freepik <\/a>. <em>Memoria democr\u00e1tica<\/em> (<a title=\"Licencia Freepik\" href=\"https:\/\/www.flickr.com\/help\/terms\" target=\"_blank\" rel=\"license nofollow noopener\">Licencia Freepik<\/a>)\t\t\t\t\t\t\t\t<\/div>\n\t\t\t\t<\/div>\n\t\t\t\t<div class=\"elementor-element elementor-element-ae59daa elementor-widget elementor-widget-spacer\" data-id=\"ae59daa\" data-element_type=\"widget\" data-e-type=\"widget\" data-settings=\"{&quot;coursector_ext_hide_logged_in&quot;:&quot;false&quot;}\" data-widget_type=\"spacer.default\">\n\t\t\t\t<div class=\"elementor-widget-container\">\n\t\t\t\t\t\t\t<div class=\"elementor-spacer\">\n\t\t\t<div class=\"elementor-spacer-inner\"><\/div>\n\t\t<\/div>\n\t\t\t\t\t\t<\/div>\n\t\t\t\t<\/div>\n\t\t\t\t<div class=\"elementor-element elementor-element-8bad845 elementor-position-left elementor-vertical-align-top elementor-widget elementor-widget-image-box\" data-id=\"8bad845\" data-element_type=\"widget\" data-e-type=\"widget\" data-settings=\"{&quot;coursector_ext_hide_logged_in&quot;:&quot;false&quot;}\" data-widget_type=\"image-box.default\">\n\t\t\t\t<div class=\"elementor-widget-container\">\n\t\t\t\t\t<div class=\"elementor-image-box-wrapper\"><figure class=\"elementor-image-box-img\"><a href=\"https:\/\/descargas.intef.es\/recursos_educativos\/ODES_SGOA\/Bachillerato\/GeH\/4S_SA_OLVIDADAS_Y_PIONERAS\/index.html\" target=\"_blank\" tabindex=\"-1\"><img loading=\"lazy\" decoding=\"async\" width=\"600\" height=\"400\" src=\"https:\/\/historylab.es\/wp-content\/uploads\/2023\/04\/olvidadas-pioneras.jpg\" class=\"attachment-full size-full wp-image-25595\" alt=\"Olvidadas y pioneras\" srcset=\"https:\/\/historylab.es\/wp-content\/uploads\/2023\/04\/olvidadas-pioneras.jpg 600w, https:\/\/historylab.es\/wp-content\/uploads\/2023\/04\/olvidadas-pioneras-300x200.jpg 300w, https:\/\/historylab.es\/wp-content\/uploads\/2023\/04\/olvidadas-pioneras-440x293.jpg 440w\" sizes=\"(max-width: 600px) 100vw, 600px\" \/><\/a><\/figure><div class=\"elementor-image-box-content\"><h3 class=\"elementor-image-box-title\"><a href=\"https:\/\/descargas.intef.es\/recursos_educativos\/ODES_SGOA\/Bachillerato\/GeH\/4S_SA_OLVIDADAS_Y_PIONERAS\/index.html\" target=\"_blank\">Olvidadas y pioneras<\/a><\/h3><p class=\"elementor-image-box-description\">Mujeres por la igualdad en la historia de Espa\u00f1a<\/p><\/div><\/div>\t\t\t\t<\/div>\n\t\t\t\t<\/div>\n\t\t\t\t<div class=\"elementor-element elementor-element-ca25e39 elementor-widget elementor-widget-text-editor\" data-id=\"ca25e39\" data-element_type=\"widget\" data-e-type=\"widget\" data-settings=\"{&quot;coursector_ext_hide_logged_in&quot;:&quot;false&quot;}\" data-widget_type=\"text-editor.default\">\n\t\t\t\t<div class=\"elementor-widget-container\">\n\t\t\t\t\t\t\t\t\t<a href=\"https:\/\/openverse.org\/image\/ab54f94c-ea91-40e9-8009-2a138a6795b9?q=pardo%20baz%C3%A1n\" target=\"_blank\" rel=\"noopener\"> Archivo: Emilia Pardo Baz\u00e1n<\/a>. <em>Obra derivada de Kadellar<\/em> (<a title=\"Creative Commons BY\" href=\"http:\/\/creativecommons.org\/licenses\/?lang=es\" target=\"_blank\" rel=\"license nofollow noopener\">CC BY-SA<\/a>)\t\t\t\t\t\t\t\t<\/div>\n\t\t\t\t<\/div>\n\t\t\t\t<div class=\"elementor-element elementor-element-7d96d96 elementor-widget elementor-widget-spacer\" data-id=\"7d96d96\" data-element_type=\"widget\" data-e-type=\"widget\" data-settings=\"{&quot;coursector_ext_hide_logged_in&quot;:&quot;false&quot;}\" data-widget_type=\"spacer.default\">\n\t\t\t\t<div class=\"elementor-widget-container\">\n\t\t\t\t\t\t\t<div class=\"elementor-spacer\">\n\t\t\t<div class=\"elementor-spacer-inner\"><\/div>\n\t\t<\/div>\n\t\t\t\t\t\t<\/div>\n\t\t\t\t<\/div>\n\t\t\t\t<div class=\"elementor-element elementor-element-ada7f18 elementor-position-left elementor-vertical-align-top elementor-widget elementor-widget-image-box\" data-id=\"ada7f18\" data-element_type=\"widget\" data-e-type=\"widget\" data-settings=\"{&quot;coursector_ext_hide_logged_in&quot;:&quot;false&quot;}\" data-widget_type=\"image-box.default\">\n\t\t\t\t<div class=\"elementor-widget-container\">\n\t\t\t\t\t<div class=\"elementor-image-box-wrapper\"><figure class=\"elementor-image-box-img\"><a href=\"https:\/\/descargas.intef.es\/recursos_educativos\/ODES_SGOA\/Bachillerato\/GeH\/4X_SA_GRIPE_GUERRA\/index.html\" target=\"_blank\" tabindex=\"-1\"><img loading=\"lazy\" decoding=\"async\" width=\"600\" height=\"400\" src=\"https:\/\/historylab.es\/wp-content\/uploads\/2023\/04\/gripe-guerra-desinformacion.jpg\" class=\"attachment-full size-full wp-image-25615\" alt=\"Gripe, guerra y desinformaci\u00f3n\" srcset=\"https:\/\/historylab.es\/wp-content\/uploads\/2023\/04\/gripe-guerra-desinformacion.jpg 600w, https:\/\/historylab.es\/wp-content\/uploads\/2023\/04\/gripe-guerra-desinformacion-300x200.jpg 300w, https:\/\/historylab.es\/wp-content\/uploads\/2023\/04\/gripe-guerra-desinformacion-440x293.jpg 440w\" sizes=\"(max-width: 600px) 100vw, 600px\" \/><\/a><\/figure><div class=\"elementor-image-box-content\"><h3 class=\"elementor-image-box-title\"><a href=\"https:\/\/descargas.intef.es\/recursos_educativos\/ODES_SGOA\/Bachillerato\/GeH\/4X_SA_GRIPE_GUERRA\/index.html\" target=\"_blank\">Gripe, guerra y desinformaci\u00f3n<\/a><\/h3><\/div><\/div>\t\t\t\t<\/div>\n\t\t\t\t<\/div>\n\t\t\t\t<div class=\"elementor-element elementor-element-7edbfbb elementor-widget elementor-widget-text-editor\" data-id=\"7edbfbb\" data-element_type=\"widget\" data-e-type=\"widget\" data-settings=\"{&quot;coursector_ext_hide_logged_in&quot;:&quot;false&quot;}\" data-widget_type=\"text-editor.default\">\n\t\t\t\t<div class=\"elementor-widget-container\">\n\t\t\t\t\t\t\t\t\t<a href=\"https:\/\/www.flickr.com\/photos\/medicalmuseum\/\" target=\"_blank\" rel=\"noopener\">Flickr\/National Museum of Health and Medicine<\/a>. <em>Hospital de urgencias durante epidemia de gripe (NCP 1603)<\/em> (<a title=\"Licencia Freepik\" href=\"https:\/\/www.flickr.com\/help\/terms\" target=\"_blank\" rel=\"license nofollow noopener\">Licencia Freepik<\/a>)\t\t\t\t\t\t\t\t<\/div>\n\t\t\t\t<\/div>\n\t\t\t\t<div class=\"elementor-element elementor-element-c7f584e elementor-widget elementor-widget-spacer\" data-id=\"c7f584e\" data-element_type=\"widget\" data-e-type=\"widget\" data-settings=\"{&quot;coursector_ext_hide_logged_in&quot;:&quot;false&quot;}\" data-widget_type=\"spacer.default\">\n\t\t\t\t<div class=\"elementor-widget-container\">\n\t\t\t\t\t\t\t<div class=\"elementor-spacer\">\n\t\t\t<div class=\"elementor-spacer-inner\"><\/div>\n\t\t<\/div>\n\t\t\t\t\t\t<\/div>\n\t\t\t\t<\/div>\n\t\t\t\t<div class=\"elementor-element elementor-element-6cf7e96 elementor-position-left elementor-vertical-align-top elementor-widget elementor-widget-image-box\" data-id=\"6cf7e96\" data-element_type=\"widget\" data-e-type=\"widget\" data-settings=\"{&quot;coursector_ext_hide_logged_in&quot;:&quot;false&quot;}\" data-widget_type=\"image-box.default\">\n\t\t\t\t<div class=\"elementor-widget-container\">\n\t\t\t\t\t<div class=\"elementor-image-box-wrapper\"><figure class=\"elementor-image-box-img\"><a href=\"https:\/\/descargas.intef.es\/recursos_educativos\/ODES_SGOA\/Bachillerato\/GeH\/4Z_HIMNOS_DE_LA_REVOLUCIN\/index.html\" target=\"_blank\" tabindex=\"-1\"><img loading=\"lazy\" decoding=\"async\" width=\"600\" height=\"400\" src=\"https:\/\/historylab.es\/wp-content\/uploads\/2023\/04\/himnos-revolucion.jpg\" class=\"attachment-full size-full wp-image-25620\" alt=\"Himnos de la revoluci\u00f3n\" srcset=\"https:\/\/historylab.es\/wp-content\/uploads\/2023\/04\/himnos-revolucion.jpg 600w, https:\/\/historylab.es\/wp-content\/uploads\/2023\/04\/himnos-revolucion-300x200.jpg 300w, https:\/\/historylab.es\/wp-content\/uploads\/2023\/04\/himnos-revolucion-440x293.jpg 440w\" sizes=\"(max-width: 600px) 100vw, 600px\" \/><\/a><\/figure><div class=\"elementor-image-box-content\"><h3 class=\"elementor-image-box-title\"><a href=\"https:\/\/descargas.intef.es\/recursos_educativos\/ODES_SGOA\/Bachillerato\/GeH\/4Z_HIMNOS_DE_LA_REVOLUCIN\/index.html\" target=\"_blank\">Himnos de la revoluci\u00f3n<\/a><\/h3><\/div><\/div>\t\t\t\t<\/div>\n\t\t\t\t<\/div>\n\t\t\t\t<div class=\"elementor-element elementor-element-7352d6e elementor-widget elementor-widget-text-editor\" data-id=\"7352d6e\" data-element_type=\"widget\" data-e-type=\"widget\" data-settings=\"{&quot;coursector_ext_hide_logged_in&quot;:&quot;false&quot;}\" data-widget_type=\"text-editor.default\">\n\t\t\t\t<div class=\"elementor-widget-container\">\n\t\t\t\t\t\t\t\t\t<a href=\"https:\/\/www.freepik.es\/foto-gratis\/diseno-bodegones-revolucion_17119063.htm\" target=\"_blank\" rel=\"noopener\">Imagen de Freepik<\/a>. <em>Dise\u00f1o de bodegones de revoluci\u00f3n<\/em> (<a title=\"Licencia Freepik\" href=\"https:\/\/www.flickr.com\/help\/terms\" target=\"_blank\" rel=\"license nofollow noopener\">Licencia Freepik<\/a>)\t\t\t\t\t\t\t\t<\/div>\n\t\t\t\t<\/div>\n\t\t\t\t<div class=\"elementor-element elementor-element-84c150f elementor-widget elementor-widget-spacer\" data-id=\"84c150f\" data-element_type=\"widget\" data-e-type=\"widget\" data-settings=\"{&quot;coursector_ext_hide_logged_in&quot;:&quot;false&quot;}\" data-widget_type=\"spacer.default\">\n\t\t\t\t<div class=\"elementor-widget-container\">\n\t\t\t\t\t\t\t<div class=\"elementor-spacer\">\n\t\t\t<div class=\"elementor-spacer-inner\"><\/div>\n\t\t<\/div>\n\t\t\t\t\t\t<\/div>\n\t\t\t\t<\/div>\n\t\t\t\t<div class=\"elementor-element elementor-element-1bc0ddc elementor-position-left elementor-vertical-align-top elementor-widget elementor-widget-image-box\" data-id=\"1bc0ddc\" data-element_type=\"widget\" data-e-type=\"widget\" data-settings=\"{&quot;coursector_ext_hide_logged_in&quot;:&quot;false&quot;}\" data-widget_type=\"image-box.default\">\n\t\t\t\t<div class=\"elementor-widget-container\">\n\t\t\t\t\t<div class=\"elementor-image-box-wrapper\"><figure class=\"elementor-image-box-img\"><a href=\"https:\/\/descargas.intef.es\/recursos_educativos\/ODES_SGOA\/Bachillerato\/Bachibac\/5F3_COLONIALISME_Bachibac\/index.html\" target=\"_blank\" tabindex=\"-1\"><img loading=\"lazy\" decoding=\"async\" width=\"600\" height=\"400\" src=\"https:\/\/historylab.es\/wp-content\/uploads\/2023\/04\/colonialismo-legado.jpg\" class=\"attachment-full size-full wp-image-25627\" alt=\"El colonialismo y su legado\" srcset=\"https:\/\/historylab.es\/wp-content\/uploads\/2023\/04\/colonialismo-legado.jpg 600w, https:\/\/historylab.es\/wp-content\/uploads\/2023\/04\/colonialismo-legado-300x200.jpg 300w, https:\/\/historylab.es\/wp-content\/uploads\/2023\/04\/colonialismo-legado-440x293.jpg 440w\" sizes=\"(max-width: 600px) 100vw, 600px\" \/><\/a><\/figure><div class=\"elementor-image-box-content\"><h3 class=\"elementor-image-box-title\"><a href=\"https:\/\/descargas.intef.es\/recursos_educativos\/ODES_SGOA\/Bachillerato\/Bachibac\/5F3_COLONIALISME_Bachibac\/index.html\" target=\"_blank\">El colonialismo y su legado<\/a><\/h3><\/div><\/div>\t\t\t\t<\/div>\n\t\t\t\t<\/div>\n\t\t\t\t<div class=\"elementor-element elementor-element-a7cb904 elementor-widget elementor-widget-text-editor\" data-id=\"a7cb904\" data-element_type=\"widget\" data-e-type=\"widget\" data-settings=\"{&quot;coursector_ext_hide_logged_in&quot;:&quot;false&quot;}\" data-widget_type=\"text-editor.default\">\n\t\t\t\t<div class=\"elementor-widget-container\">\n\t\t\t\t\t\t\t\t\t<a href=\"https:\/\/pixabay.com\/es\/users\/strawberryqueen-508222\/\" target=\"_blank\" rel=\"noopener\"> Imagen de StrawberryQueen\/Pixabay<\/a>. <em>Monje, bote y r\u00edo<\/em> (<a title=\"Licencia Pixabay\" href=\"https:\/\/pixabay.com\/es\/service\/license\/\" target=\"_blank\" rel=\"license nofollow noopener\">Licencia Pixabay<\/a>)\t\t\t\t\t\t\t\t<\/div>\n\t\t\t\t<\/div>\n\t\t\t\t<div class=\"elementor-element elementor-element-49d511a elementor-widget elementor-widget-spacer\" data-id=\"49d511a\" data-element_type=\"widget\" data-e-type=\"widget\" data-settings=\"{&quot;coursector_ext_hide_logged_in&quot;:&quot;false&quot;}\" data-widget_type=\"spacer.default\">\n\t\t\t\t<div class=\"elementor-widget-container\">\n\t\t\t\t\t\t\t<div class=\"elementor-spacer\">\n\t\t\t<div class=\"elementor-spacer-inner\"><\/div>\n\t\t<\/div>\n\t\t\t\t\t\t<\/div>\n\t\t\t\t<\/div>\n\t\t\t\t\t<\/div>\n\t\t<\/div>\n\t\t\t\t\t<\/div>\n\t\t<\/section>\n\t\t\t\t<\/div>\n\t\t","protected":false},"excerpt":{"rendered":"<p>Modelos Situaci\u00f3n de aprendizaje Unidad de programaci\u00f3n Situaciones de aprendizaje Cuidar a quien lo necesita \u00bfC\u00f3mo se ha afrontado en el pasado y se afronta en el presente el cuidado de las personas en situaci\u00f3n de dependencia? Imagen de Freepik. [&hellip;]<\/p>\n","protected":false},"author":1,"featured_media":0,"parent":0,"menu_order":0,"comment_status":"closed","ping_status":"closed","template":"","meta":{"_monsterinsights_skip_tracking":false,"_monsterinsights_sitenote_active":false,"_monsterinsights_sitenote_note":"","_monsterinsights_sitenote_category":0,"footnotes":""},"class_list":["post-18632","page","type-page","status-publish","hentry"],"aioseo_notices":[],"_links":{"self":[{"href":"https:\/\/historylab.es\/es\/wp-json\/wp\/v2\/pages\/18632","targetHints":{"allow":["GET"]}}],"collection":[{"href":"https:\/\/historylab.es\/es\/wp-json\/wp\/v2\/pages"}],"about":[{"href":"https:\/\/historylab.es\/es\/wp-json\/wp\/v2\/types\/page"}],"author":[{"embeddable":true,"href":"https:\/\/historylab.es\/es\/wp-json\/wp\/v2\/users\/1"}],"replies":[{"embeddable":true,"href":"https:\/\/historylab.es\/es\/wp-json\/wp\/v2\/comments?post=18632"}],"version-history":[{"count":43,"href":"https:\/\/historylab.es\/es\/wp-json\/wp\/v2\/pages\/18632\/revisions"}],"predecessor-version":[{"id":25650,"href":"https:\/\/historylab.es\/es\/wp-json\/wp\/v2\/pages\/18632\/revisions\/25650"}],"wp:attachment":[{"href":"https:\/\/historylab.es\/es\/wp-json\/wp\/v2\/media?parent=18632"}],"curies":[{"name":"wp","href":"https:\/\/api.w.org\/{rel}","templated":true}]}}