{"id":25556,"date":"2023-03-09T11:10:18","date_gmt":"2023-03-09T10:10:18","guid":{"rendered":"https:\/\/historylab.es\/?page_id=25556"},"modified":"2023-03-09T11:10:19","modified_gmt":"2023-03-09T10:10:19","slug":"aviso-legal","status":"publish","type":"page","link":"https:\/\/historylab.es\/es\/aviso-legal\/","title":{"rendered":"Aviso legal"},"content":{"rendered":"\t\t<div data-elementor-type=\"wp-page\" data-elementor-id=\"25556\" class=\"elementor elementor-25556 elementor-3\">\n\t\t\t\t\t\t<section class=\"elementor-section elementor-top-section elementor-element elementor-element-7a003118 elementor-section-boxed elementor-section-height-default elementor-section-height-default\" data-id=\"7a003118\" data-element_type=\"section\" data-e-type=\"section\">\n\t\t\t\t\t\t<div class=\"elementor-container elementor-column-gap-default\">\n\t\t\t\t\t<div class=\"elementor-column elementor-col-100 elementor-top-column elementor-element elementor-element-5c6f9148\" data-id=\"5c6f9148\" data-element_type=\"column\" data-e-type=\"column\" data-settings=\"{&quot;coursector_ext_hide_logged_in&quot;:&quot;false&quot;}\">\n\t\t\t<div class=\"elementor-widget-wrap elementor-element-populated\">\n\t\t\t\t\t\t<div class=\"elementor-element elementor-element-2d8d5959 elementor-widget elementor-widget-text-editor\" data-id=\"2d8d5959\" data-element_type=\"widget\" data-e-type=\"widget\" data-settings=\"{&quot;coursector_ext_hide_logged_in&quot;:&quot;false&quot;}\" data-widget_type=\"text-editor.default\">\n\t\t\t\t<div class=\"elementor-widget-container\">\n\t\t\t\t\t\t\t\t\t<p>Estas son las <strong>Condiciones Generales de Uso<\/strong> del sitio web de HistoryLab, al que se accede mediante la direcci\u00f3n principal <a href=\"https:\/\/historylab.es\">historylab.es<\/a><\/p>\n<p>La existencia de las presentes Condiciones Generales de Uso no excluye la existencia de otras disposiciones o condiciones de acceso a las diversas secciones que componen el sitio web de HistoryLab.<\/p>\n<h2>1.- Aceptaci\u00f3n de las condiciones de uso<\/h2>\n<p>Los usuarios deber\u00e1n leer las presentes Condiciones Generales de Uso de esta web. El uso o acceso a este sitio implica el conocimiento y plena aceptaci\u00f3n de las advertencias legales y condiciones que a continuaci\u00f3n se especifican.<\/p>\n<p>Asimismo, la utilizaci\u00f3n de determinados servicios a disposici\u00f3n de los usuarios de este sitio oficial puede estar sometida a condiciones especiales, advertencias o instrucciones que tambi\u00e9n deber\u00e1n ser consultadas y aceptadas sin reservas por aquellos.<\/p>\n<h2>2.- Condiciones de acceso<\/h2>\n<h3><br>2.1.- Gratuidad del acceso<\/h3>\n<p>La utilizaci\u00f3n del sitio oficial de HistoryLab posee car\u00e1cter gratuito.<\/p>\n<h3><br>2.2.- Veracidad de las informaciones del usuario<\/h3>\n<p>El usuario garantiza la veracidad y autenticidad de las informaciones y datos que comunique en virtud de la cumplimentaci\u00f3n de las solicitudes y formularios de suscripci\u00f3n y contacto que, en su caso, se requieran para acceder a determinados servicios. En este sentido, ser\u00e1 de obligaci\u00f3n del usuario el mantener actualizadas las informaciones de forma tal que correspondan a la realidad en cada momento. Cualquier manifestaci\u00f3n falsa o inexacta que se produzca como consecuencia de las informaciones y datos manifestados, as\u00ed como los perjuicios que tal informaci\u00f3n pudiera causar, ser\u00e1 responsabilidad del usuario.<\/p>\n<p>Los responsables dar\u00e1n a dichos datos el tratamiento automatizado que corresponda en funci\u00f3n de su naturaleza o finalidad, en las condiciones y t\u00e9rminos indicados en la secci\u00f3n de Pol\u00edtica de protecci\u00f3n de datos.<\/p>\n<h2>3.- Condiciones de utilizaci\u00f3n<\/h2>\n<p>La utilizaci\u00f3n del sitio oficial de HistoryLab deber\u00e1 obedecer al contenido de estas Condiciones Generales de Uso, a cualesquiera disposiciones legales aplicables y a las exigencias de la moral y las buenas costumbres generalmente aceptadas.<\/p>\n<p>HistoryLab se reserva el derecho unilateral a denegar el acceso a este sitio web a aquellos usuarios que incumplan las presentes Condiciones Generales de Uso.<\/p>\n<h2>4.- Propiedad industrial e intelectual<\/h2>\n<h3><br>4.1.- Propiedad Industrial<\/h3>\n<p>Las denominaciones HistoryLab, la marca gr\u00e1fico-denominativa \u00abHistoryLab\u00bb, tal y como aparece en la p\u00e1gina de inicio de esta web, as\u00ed como otros signos distintivos (denominativos, gr\u00e1ficos y gr\u00e1ficos-denominativos) que asimismo aparecen en esta web, gozan de protecci\u00f3n en virtud de la normativa vigente en materia de Propiedad Industrial. HistoryLab ostenta el derecho exclusivo a utilizarlos en el tr\u00e1fico econ\u00f3mico. Por consiguiente, queda prohibida su utilizaci\u00f3n por parte de terceros que carezcan de expresa autorizaci\u00f3n.<\/p>\n<p>La eventual presencia en este sitio de signos distintivos de titularidad ajena a la rese\u00f1ada en el p\u00e1rrafo precedente se efect\u00faa sin finalidad comercial y con la autorizaci\u00f3n de sus leg\u00edtimos propietarios, siempre con el debido respeto a sus derechos de exclusiva.<\/p>\n<h3><br>4.2.- Nombres de dominio<\/h3>\n<p>El nombre de dominio <em>\u00abhistorylab.es\u00bb<\/em> y todos aquellos que sirvan para acceder de forma directa al presente sitio oficial son propiedad de HistoryLab, y su utilizaci\u00f3n le corresponde en exclusiva a la misma. La indebida utilizaci\u00f3n de los mismos en el tr\u00e1fico econ\u00f3mico, supondr\u00eda una infracci\u00f3n de los derechos conferidos por su registro y ser\u00e1 perseguido por los medios previstos en la ley.<\/p>\n<h3><br>4.3.- Derechos de Autor<\/h3>\n<ul style=\"text-align: justify; padding-left: 30px; padding-top: 10px;\">\n<li><strong>4.3.1.-<\/strong> Los contenidos, textos, fotograf\u00edas, dise\u00f1os, logotipos, im\u00e1genes, sonidos, v\u00eddeos, animaciones, grabaciones, programas de ordenador, c\u00f3digos fuente y, en general, cualquier creaci\u00f3n intelectual existente en este sitio oficial, as\u00ed como el propio sitio en su conjunto como obra art\u00edstica multimedia, est\u00e1n protegidos como derechos de autor por la legislaci\u00f3n en materia de Propiedad Intelectual.<\/li>\n<li><strong>4.3.2.-<\/strong> De conformidad con lo expuesto, corresponden a HistoryLab los derechos exclusivos de reproducci\u00f3n, distribuci\u00f3n, comunicaci\u00f3n p\u00fablica y transformaci\u00f3n, as\u00ed como cualquier otro derecho de naturaleza patrimonial, sobre los elementos se\u00f1alados en el p\u00e1rrafo precedente; y todo ello sin perjuicio de los derechos morales que correspondan a sus autores.<\/li>\n<li><strong>4.3.3.-<\/strong> Quedan exceptuados de esta protecci\u00f3n aquellos archivos o programas de ordenador cuya titularidad no sea de HistoryLab, y de acceso gratuito (<em>freeware<\/em>), que el usuario puede descargarse desde diversas p\u00e1ginas de este sitio con el fin de posibilitar el acceso a las mismas. Se trata, en todo caso, de aplicaciones que tienen el car\u00e1cter de dominio p\u00fablico por expresa voluntad de sus autores.<\/li>\n<\/ul>\n<h3><br>4.4.- Herramientas Tecnol\u00f3gicas<\/h3>\n<p>Las herramientas tecnol\u00f3gicas desarrolladas por HistoryLab y puestas a disposici\u00f3n del usuario a trav\u00e9s de este portal se encuentran protegidas por la legislaci\u00f3n en materia de Propiedad Intelectual y su utilizaci\u00f3n por el usuario debe realizarse exclusivamente en este \u00e1mbito y sin finalidad comercial.<\/p>\n<h3><br>4.5.- Reserva de acciones<\/h3>\n<p>El usuario de este sitio web se compromete a respetar los derechos enunciados y evitar cualquier actuaci\u00f3n que pudiera perjudicarlos. El incumplimiento de lo establecido en este apartado y, en general, cualquier vulneraci\u00f3n de la pac\u00edfica posesi\u00f3n y titularidad de los antedichos derechos de exclusiva ser\u00e1 perseguida con los medios que la legislaci\u00f3n, tanto espa\u00f1ola como internacional, prev\u00e9n.<\/p>\n<p>En este sentido, HistoryLab deja hecha expresa reserva del ejercicio de cuantas acciones, tanto civiles como penales, amparen sus leg\u00edtimos derechos de Propiedad Intelectual e Industrial.<\/p>\n<h2>5.- Uso personal<\/h2>\n<p>El usuario queda expresamente autorizado por HistoryLab a visualizar, imprimir, reproducir o almacenar, de cualquier forma, en su disco duro u otro soporte f\u00edsico, cualquier contenido o activo amparado o no por un derecho de exclusiva presente en esta web, siempre que ello se efect\u00fae para fines personales y privados del usuario, sin finalidad comercial, de distribuci\u00f3n o difusi\u00f3n <em>on-line<\/em>, y sin modificar, alterar o descompilar los antedichos contenidos. Esta facultad de <strong>uso personal<\/strong> se entiende efectuada siempre y cuando se respeten intactas las advertencias a los derechos de autor y de Propiedad Industrial aqu\u00ed realizadas, y no supone la concesi\u00f3n de licencia alguna al usuario.<\/p>\n<p>Cualquier otra utilizaci\u00f3n requerir\u00e1 la autorizaci\u00f3n expresa y por escrito de HistoryLab. En consonancia con lo hasta ahora rese\u00f1ado, la utilizaci\u00f3n no autorizada de los derechos de Propiedad Industrial e Intelectual ostentados por HistoryLab y relacionados o contenidos en este sitio web, as\u00ed como cualquier vulneraci\u00f3n de la pac\u00edfica posesi\u00f3n y titularidad de los antedichos derechos ser\u00e1 perseguida con los medios que la legislaci\u00f3n, tanto espa\u00f1ola como internacional, prev\u00e9n.<\/p>\n<h2>6.- Enlaces<\/h2>\n<h3><br>6.1.- Enlaces a p\u00e1ginas web independientes de este sitio<\/h3>\n<p>En el sitio web de HistoryLab el usuario podr\u00e1 encontrar diversos enlaces de inter\u00e9s que le conducir\u00e1n a p\u00e1ginas web independientes del sitio. Su \u00fanica finalidad es la de facilitar el acceso a otras fuentes de informaci\u00f3n en Internet relacionadas con la actividad de la web, y su inserci\u00f3n en este sitio web est\u00e1 inspirada en el respeto de los derechos de Propiedad Intelectual que, en su caso, puedan corresponder a sus autores.<\/p>\n<h3><br>6.2.- Condiciones de enlace a este sitio web<\/h3>\n<p>Las personas o entidades que pretendan realizar o realicen un enlace desde una p\u00e1gina web de otro portal de Internet a cualquiera de las p\u00e1ginas de la web de HistoryLab deber\u00e1n someterse a las siguientes condiciones:<\/p>\n<ul>\n<li>No se incluir\u00e1 ninguna manifestaci\u00f3n falsa, inexacta o incorrecta sobre las p\u00e1ginas de la web de HistoryLab, ni sobre los servicios o contenidos de la misma;<\/li>\n<li>El establecimiento del enlace no implicar\u00e1 la existencia de relaci\u00f3n alguna entre HistoryLab y el titular de la p\u00e1gina web o del portal desde el cual se realice, ni el conocimiento y aceptaci\u00f3n por parte de HistoryLab de los servicios y contenidos ofrecidos en dicho portal.<\/li>\n<\/ul>\n<p>&nbsp;<\/p>\n<h2>7.- Exenci\u00f3n de responsabilidad<\/h2>\n<h3><br>7.1.- Por los contenidos:<\/h3>\n<ul style=\"text-align: justify; padding-left: 30px; padding-top: 10px;\">\n<li><strong>7.1.1.- Informaciones<\/strong>: las informaciones, tanto propias como de terceros, que aparecen en el sitio web <em>\u00abhistorylab.es\u00bb<\/em> se proporcionan <em>\u00abcomo est\u00e1n\u201d<\/em>, sin garant\u00edas de ning\u00fan tipo en cuanto a su exactitud y actualizaci\u00f3n. En consecuencia, HistoryLab no se hace responsable de los posibles perjuicios que la utilizaci\u00f3n de las mismas pudiera causar.<\/li>\n<li><strong>7.1.2.- Errores:<\/strong> en relaci\u00f3n con lo mencionado en el p\u00e1rrafo anterior, los documentos publicados podr\u00edan contener inconsistencias t\u00e9cnicas, o errores tipogr\u00e1ficos involuntarios, de los cuales HistoryLab no se hace responsable. En cualquier caso, HistoryLab pide disculpas por estos errores, se compromete a subsanar, con la mayor brevedad posible, dichas irregularidades y agradece cualquier comentario, rectificaci\u00f3n o sugerencia al respecto, que el usuario puede remitir por <em>e-mail<\/em> a infohistorylab@gmail.com<\/li>\n<li><strong>7.1.3.- Hiperenlaces: <\/strong>los enlaces, con o sin contenido publicitario, existentes en este sitio web permiten al usuario dejar HistoryLab. Los sitios enlazados no est\u00e1n relacionados, salvo indicaci\u00f3n en contrario, con HistoryLab, que no se hace responsable de los contenidos a los que se acceda en virtud de los mencionados enlaces, ni de las modificaciones que se lleven a cabo en los mismos, ni del uso que de aquellos se realice, ni de la disponibilidad t\u00e9cnica de los mismos.<br> En cualquier caso, HistoryLab, en concordancia con sus normas de enlace a p\u00e1ginas web independientes establecidas en el punto 6.1 de las presentes condiciones generales, se compromete a hacer lo posible parar evitar la existencia en su sitio web de enlaces a sitios de contenido ilegal, que promuevan actividades il\u00edcitas y, en general, susceptibles de atentar contra los principios de libertad y de dignidad humana, vulnerar los valores y derechos reconocidos por la Constituci\u00f3n Espa\u00f1ola o lesionar bienes o derechos de un tercero.<br> Si tuviese conocimiento efectivo de que la actividad a la que remiten dichos enlaces es il\u00edcita o susceptible de lesionar bienes o derechos de un tercero, HistoryLab actuar\u00e1 de forma inmediata para suprimirlos o hacerlos inutilizables.<\/li>\n<li><strong>7.1.4.- Modificaci\u00f3n de contenidos: <\/strong>la informaci\u00f3n, la presentaci\u00f3n y los servicios que ofrece este sitio pueden ser sometidos a cambios peri\u00f3dicos o puntuales, susceptibles de ser efectuados libremente por HistoryLab sin que exista obligaci\u00f3n de comunicarlo a los usuarios.<\/li>\n<\/ul>\n<h3><br>7.2.- Por el funcionamiento del sitio:<\/h3>\n<ul style=\"text-align: justify; padding-left: 30px; padding-top: 10px;\">\n<li><strong>7.2.1.- Privacidad: <\/strong>HistoryLab no garantiza privacidad absoluta en la utilizaci\u00f3n de este sitio, ya que no debe descartarse la posibilidad de que terceros no autorizados puedan tener conocimiento de la misma y de las circunstancias en que se realiza.<\/li>\n<li><strong>7.2.2.- Virus:<\/strong> HistoryLab no acepta ninguna responsabilidad por los posibles da\u00f1os causados por virus inform\u00e1ticos, cuya ausencia no queda garantizada.<\/li>\n<li><strong>7.2.3.- Disfunciones t\u00e9cnicas:<\/strong> HistoryLab queda eximida de cualquier responsabilidad derivada del mal funcionamiento del sitio, o de cualquiera de sus servicios, que tenga su origen en una circunstancia accidental, fuerza mayor, trabajos necesarios de mantenimiento o cualquier otra causa no imputable a HistoryLab.<\/li>\n<\/ul>\n<p>&nbsp;<\/p>\n<h2>8.- Terminaci\u00f3n<\/h2>\n<p>Si bien en principio la duraci\u00f3n de este sitio es indeterminada, HistoryLab se reserva el derecho a suspender o dar por terminada la prestaci\u00f3n de algunos o todos sus servicios, sin que esta decisi\u00f3n deba ser comunicada con antelaci\u00f3n a los usuarios del mismo.<\/p>\n<h2>9.- Ley de jurisdicci\u00f3n aplicable.<\/h2>\n<p>Las presentes Condiciones Generales de Uso se rigen por las leyes espa\u00f1olas. Cualquier disputa en relaci\u00f3n con el sitio web de HistoryLab se sustanciar\u00e1 ante la jurisdicci\u00f3n espa\u00f1ola, someti\u00e9ndose las partes a los juzgados y tribunales de la ciudad de Murcia, con expresa renuncia a cualquier otro fuero si lo tuvieren y fuera diferente del rese\u00f1ado.<\/p>   \t\t\n\t\t\t\t\t\t\t\t<\/div>\n\t\t\t\t<\/div>\n\t\t\t\t\t<\/div>\n\t\t<\/div>\n\t\t\t\t\t<\/div>\n\t\t<\/section>\n\t\t\t\t<\/div>\n\t\t","protected":false},"excerpt":{"rendered":"<p>Estas son las Condiciones Generales de Uso del sitio web de HistoryLab, al que se accede mediante la direcci\u00f3n principal historylab.es La existencia de las presentes Condiciones Generales de Uso no excluye la existencia de otras disposiciones o condiciones de [&hellip;]<\/p>\n","protected":false},"author":1,"featured_media":0,"parent":0,"menu_order":0,"comment_status":"closed","ping_status":"open","template":"","meta":{"_monsterinsights_skip_tracking":false,"_monsterinsights_sitenote_active":false,"_monsterinsights_sitenote_note":"","_monsterinsights_sitenote_category":0,"footnotes":""},"class_list":["post-25556","page","type-page","status-publish","hentry"],"aioseo_notices":[],"_links":{"self":[{"href":"https:\/\/historylab.es\/es\/wp-json\/wp\/v2\/pages\/25556","targetHints":{"allow":["GET"]}}],"collection":[{"href":"https:\/\/historylab.es\/es\/wp-json\/wp\/v2\/pages"}],"about":[{"href":"https:\/\/historylab.es\/es\/wp-json\/wp\/v2\/types\/page"}],"author":[{"embeddable":true,"href":"https:\/\/historylab.es\/es\/wp-json\/wp\/v2\/users\/1"}],"replies":[{"embeddable":true,"href":"https:\/\/historylab.es\/es\/wp-json\/wp\/v2\/comments?post=25556"}],"version-history":[{"count":2,"href":"https:\/\/historylab.es\/es\/wp-json\/wp\/v2\/pages\/25556\/revisions"}],"predecessor-version":[{"id":25949,"href":"https:\/\/historylab.es\/es\/wp-json\/wp\/v2\/pages\/25556\/revisions\/25949"}],"wp:attachment":[{"href":"https:\/\/historylab.es\/es\/wp-json\/wp\/v2\/media?parent=25556"}],"curies":[{"name":"wp","href":"https:\/\/api.w.org\/{rel}","templated":true}]}}